{"id":2319,"date":"2017-01-13T11:11:04","date_gmt":"2017-01-13T11:11:04","guid":{"rendered":"http:\/\/thesouthafricanpavilion.co.za\/?page_id=2319"},"modified":"2019-04-28T19:50:28","modified_gmt":"2019-04-28T19:50:28","slug":"candice-breitz","status":"publish","type":"page","link":"https:\/\/sapavilion.partsandlabour.co.za\/index.php\/candice-breitz\/","title":{"rendered":"Candice Breitz"},"content":{"rendered":"<p>&nbsp;<\/p>\n<p>&nbsp;<\/p>\n<p>&nbsp;<\/p>\n<figure id=\"attachment_2527\" aria-describedby=\"caption-attachment-2527\" style=\"width: 240px\" class=\"wp-caption alignright right\"><a href=\"\/wp-content\/uploads\/2017\/01\/PSA-Bio-Candice-Breitz.pdf\" target=\"_blank\"><img loading=\"lazy\" decoding=\"async\" class=\"wp-image-2527 size-full\" src=\"\/wp-content\/uploads\/2017\/02\/all-profiles-250x3294.png\" alt=\"\" width=\"340\" height=\"184\" \/><\/a><figcaption id=\"caption-attachment-2527\" class=\"wp-caption-text\"><\/p>\n<h5 align=\"left\">Click to download<br \/> full biography as a pdf<\/h5>\n<p>&nbsp;<\/p>\n<p>&nbsp;<\/p>\n<p><\/figcaption><\/figure>\n<p style=\"margin-left: 10%; margin-right: 40%; text-align: left; font-family: CircularStd-Bold;\">Candice Breitz (Johannesburg, 1972) is a Cape Town and Berlin-based artist whose moving image installations have been shown internationally. Throughout her career, she has explored the dynamics by means of which an individual becomes him or herself in relation to a larger community, be that community the immediate community that one encounters in family, or the real and imagined communities that are shaped not only by questions of national belonging, race, gender and religion, but also by the increasingly undeniable influence of mainstream media such as television, cinema and popular culture. Most recently, Breitz\u2019s work has focused on the conditions under which empathy is produced, reflecting on a media-saturated global culture in which strong identification with fictional characters and celebrity figures runs parallel to widespread indifference to the plight of those facing real world adversity.<\/p>\n<p style=\"margin-left: 10%; margin-right: 40%; text-align: left;\">Breitz holds degrees from the University of the Witwatersrand (Johannesburg), the University of Chicago and Columbia University (NYC). She has participated in the Whitney Museum\u2019s Independent Studio Program and led the Palais de Tokyo\u2019s Le Pavillon residency asa visiting artist during the year 2005-2006. She has been a tenured professor at the Hochschulef\u00fcr Bildende K\u00fcnste in Braunschweig since 2007.<\/p>\n<p>&nbsp;<\/p>\n<p><a href=\"\/wp-content\/uploads\/2017\/02\/01_BREITZ_Extra-08.jpg\" target=\"_blank\"><img decoding=\"async\" class=\"wp-image-2385 size-full\" title=\"Candice Breitz Extra #8, 2011 Chromogenic Print 56 x 84cm Courtesy: Goodman Gallery, Kaufmann Repetto + KOW Berlin\" src=\"\/wp-content\/uploads\/2017\/01\/01_BREITZ_Extra-08-e1484817689478.jpg\" alt=\"01_BREITZ_Extra-08\" width=\"100%\" height=\"728\" \/><\/a><\/p>\n<h5 style=\"padding-right: 5%;\" align=\"right\">Candice Breitz, Extra #8, 2011, Chromogenic Print, 56 x 84cm<br \/>\nCourtesy: Goodman Gallery, Kaufmann Repetto + KOW Berlin<\/h5>\n<p>&nbsp;<\/p>\n<p style=\"margin-left: 10%; margin-right: 40%; text-align: left;\">Solo exhibitions of Breitz\u2019s work have been hosted by the Kunstmuseum Stuttgart, National Gallery of Canada (Ottawa), San Francisco Museum of Modern Art, Kunsthaus Bregenz, Palaisde Tokyo (Paris),The Power Plant (Toronto), Louisiana Museum of Modern Art (Humleb\u00e6k), Modern Art Oxford, De Appel Foundation (Amsterdam), Baltic Centre for Contemporary Art (Gateshead), MUDAM \/ Mus\u00e9e d\u2019Art Moderne Grand-DucJean (Luxembourg), Moderna Museet Stockholm), Castello di Rivoli (Turin), Pinchuk Art Centre (Kyiv), Centre d\u2019Art Contemporain Gen\u00e8ve, Bawag Foundation (Vienna), Tempor\u00e4re Kunsthalle Berlin, White Cube (London), MUSAC \/ Museo de Arte Contempor\u00e1neode Castilla y Le\u00f3n (Spain), Wexner Center for the Arts (Ohio), O.K Center for Contemporary Art Upper Austria(Linz), ACMI \/ The Australian Centre for the Moving Image (Melbourne), Collection Lambert en Avignon, FACT \/ Foundation for Art &amp; Creative Technology (Liverpool), Blaffer ArtMuseum (Houston)and the South African National Gallery (Cape Town).<\/p>\n<p>&nbsp;<\/p>\n<p style=\"margin-left: 10%; margin-right: 40%; text-align: left;\">Selected group exhibitions include South Africa: the art of a nation (British Museum, London, 2016), Laughing in a Foreign Language (The Hayward, London, 2008), The Cinema Effect (Hirshhorn Museum + Sculpture Garden, Washington, D.C., 2008), Made in Germany (Kunstverein Hannover, 2007), Superstars (Kunsthalle Wien, 2005), CUT: Film as Found Object (Museum of Contemporary Art, North Miami, 2004), Continuity + Transgression (National Museum of Modern Art, Tokyo, 2002), Thank You for the Music (Kiasma Museum of Modern Art, Helsinki, 2012), Rollenbilder \u2013Rollenspiele (Museum der Moderne Salzburg, 2011), Performa (New York, 2009), Contemporary Outlook: Seeing Songs (Museum of Fine Arts, Boston, 2009), Remix: Contemporary Art and Pop(Tate Liverpool, 2002) and Looking at You (Museum Fridericianum, Kassel, 2001).<\/p>\n<p>&nbsp;<\/p>\n<p><a href=\"\/wp-content\/uploads\/2017\/02\/02_BREITZ_Working-Class-Hero.jpg\" target=\"_blank\"><img decoding=\"async\" class=\"wp-image-2389 size-full\" title=\"Candice Breitz, Working Class Hero (A Portrait of John Lennon),&lt;br&gt; 2006, Shot at the Culture Lab, Newcastle University, United Kingdom, &lt;br&gt; August 2006, 25-Channel Installation: 25 Hard Drives Duration: 39 minutes, 55 seconds &lt;br&gt; Installation View: G\u00f6teborg International Biennial for Contemporary Art Courtesy: Goodman Gallery,&lt;br&gt; Kaufmann Repetto + KOW Berlin Photograph: Hendrik Zeitler   \" src=\"\/wp-content\/uploads\/2017\/01\/02_BREITZ_Working-Class-Hero-e1484818182782.jpg\" alt=\"02_BREITZ_Working-Class-Hero\" width=\"100%\" height=\"743\" \/><\/a><\/p>\n<h5 style=\"padding-right: 5%;\" align=\"right\">Candice Breitz, Working Class Hero (A Portrait of John Lennon), 2006, Shot at the Culture Lab, Newcastle<br \/>\nUniversity, United Kingdom,August 2006, 25-Channel Installation: 25 Hard Drives Duration: 39 minutes,<br \/>\n55 seconds Installation View: Go\u0308teborg International Biennial for Contemporary Art<br \/>\nCourtesy: Goodman Gallery, Kaufmann Repetto + KOW Berlin Photograph: Hendrik Zeitler<\/h5>\n<p>&nbsp;<\/p>\n<p style=\"margin-left: 10%; margin-right: 40%; text-align: left;\">Breitz has participated in biennales in Johannesburg (1997), S\u00e3o Paulo (1998), Istanbul (1999), Taipei (2000), Kwangju (2000), Tirana (2001), Venice (2005), New Orleans (2008), G\u00f6teborg (2003 + 2009), Singapore (2011) and Dakar (2014). Her work has been featured at the Sundance Film Festival (New Frontier, 2009) and the Toronto International Film Festival (David Cronenberg: Transformation, 2013).<\/p>\n<p style=\"margin-left: 10%; margin-right: 40%; text-align: left;\">Her work has been acquired by museums including the Museum of Modern Art and the Solomon R. Guggenheim Museum (both in New York), Louisiana Museum of Modern Art (Humleb\u00e6k), San Francisco Museum of Modern Art, the National Gallery of Canada (Ottawa), St\u00e4dtische Galerie im Lenbachhaus (Munich), Art Gallery of Ontario (Toronto), FNAC \/ Fonds national d\u2019art contempora in (France), Castello di Rivoli (Turin), Hamburger Kunsthalle (Hamburg), M+ \/ Museum of Visual Culture (Hong Kong), Milwaukee Art Museum, Kunstmuseum St. Gallen, MUDAM \/ Mus\u00e9e d\u2019Art Moderne Grand-Duc Jean (Luxembourg), MUSAC \/ Museo de Arte Contempor\u00e1neo de Castilla y Le\u00f3n (Le\u00f3n, Spain), Kunstmuseum Lichtenstein (Vaduz), MONA \/ Museum of Old and New Art (Tasmania), QAG GOMA \/ Queensland Art Gallery (Brisbane), Museum of Fine Arts (Boston) and MAXXI \/ Museo nazionale delle arti del XXI secolo (Rome).<\/p>\n<p>&nbsp;<br \/>\n<a href=\"\/wp-content\/uploads\/2017\/02\/03_BREITZ_Treatment.jpg\" target=\"_blank\"><img decoding=\"async\" class=\"wp-image-2392 size-full\" title=\"Candice Breitz, Stills from Treatment, 2013, Dual-Channel Installation: 2 Hard Drives, Duration: 9 minutes, 11 seconds  Commissioned by Toronto International Film Festival 2013 Courtesy: Goodman Gallery, Kaufmann Repetto + KOW Berlin\" src=\"\/wp-content\/uploads\/2017\/01\/03_BREITZ_Treatment-e1484818399887.jpg\" alt=\"03_BREITZ_Treatment\" width=\"100%\" height=\"614\" \/><\/a><\/p>\n<h5 style=\"padding-right: 5%;\" align=\"right\">Candice Breitz, Stills from Treatment, 2013, Dual-Channel Installation: 2 Hard Drives,<br \/>\nDuration: 9 minutes, 11 seconds Commissioned by Toronto International Film Festival 2013<br \/>\nCourtesy: Goodman Gallery, Kaufmann Repetto + KOW Berlin<\/h5>\n<p>&nbsp;<\/p>\n<figure id=\"attachment_2661\" aria-describedby=\"caption-attachment-2661\" style=\"width: 2092px\" class=\"wp-caption aligncenter\"><a href=\"\/wp-content\/uploads\/2017\/02\/05_BREITZ_Factum.jpg\" target=\"_blank\"><img decoding=\"async\" class=\"wp-image-2661 size-full\" title=\"Candice Breitz Factum, 2010 Left to Right: Factum Tang, Factum Misericordia, Factum Tremblay, Factum McNamara and Factum Kang Commissioned by The Power Plant, Toronto Installation View: Kunsthaus Bregenz, Austria Courtesy: Goodman Gallery, Kaufmann Repetto + KOW Berlin Photograph: Markus Tretter\" src=\"\/wp-content\/uploads\/2017\/01\/05_BREITZ_Factum-e1485935224867.jpg\" alt=\"KUB_Candice Breitz_The Scripted Life\" width=\"100%\" height=\"648\" \/><\/a><figcaption id=\"caption-attachment-2661\" class=\"wp-caption-text\"><\/p>\n<h5 style=\"padding-right: 5%;\" align=\"right\">Candice Breitz<br \/> Factum, 2010 <br \/> Left to Right: <em>Factum Tang, Factum Misericordia, Factum Tremblay, Factum McNamara<\/em> and <em>Factum Kang<\/em><br \/> Commissioned by The Power Plant, Toronto<br \/> Installation View: Kunsthaus Bregenz, Austria<br \/> Courtesy: Goodman Gallery, Kaufmann Repetto +KOW Berlin<br \/> Photograph: Markus Tretter<\/h5>\n<p>&nbsp;<\/p>\n<p><\/figcaption><\/figure>\n<figure id=\"attachment_2662\" aria-describedby=\"caption-attachment-2662\" style=\"width: 2092px\" class=\"wp-caption aligncenter\"><a href=\"\/wp-content\/uploads\/2017\/02\/06_BREITZ_Interview-S.jpg\" target=\"_blank\"><img decoding=\"async\" class=\"wp-image-2662 size-full\" title=\"Candice Breitz Stills from The Interview, 2012 From the trilogy The Woods Shot at Wheatbaker Hotel, Lagos, Nigeria: June 2012 Dual-Channel Installation Duration: 76 minutes, 7 seconds Commissioned by ACMI (Melbourne) + PEM (Salem) Installation View: Blaffer Art Museum, Houston Courtesy: Goodman Gallery, Kaufmann Repetto + KOW Berlin Photograph: Alex Fahl\" src=\"\/wp-content\/uploads\/2017\/01\/06_BREITZ_Interview-e14859353214241.jpg\" alt=\"06_BREITZ_Interview\" width=\"100%\" height=\"322\" \/><\/a><figcaption id=\"caption-attachment-2662\" class=\"wp-caption-text\"><\/p>\n<h5 style=\"padding-right: 5%;\" align=\"right\">Candice Breitz<br \/> Stills from <em>The Interview<\/em>, 2012<br \/> From the trilogy <em>The Woods<\/em><br \/> Shot at Wheatbaker Hotel, Lagos, Nigeria: June 2012<br \/> Dual-Channel Installation<br \/> Duration: 76 minutes, 7 seconds<br \/> Commissioned by ACMI (Melbourne) + PEM (Salem)<br \/> Installation View: Blaffer Art Museum, Houston<br \/> Courtesy: Goodman Gallery, Kaufmann Repetto + KOW Berlin<br \/> Photograph: Alex Fahl<\/h5>\n<p>&nbsp;<\/p>\n<p><\/figcaption><\/figure>\n<figure id=\"attachment_2663\" aria-describedby=\"caption-attachment-2663\" style=\"width: 2092px\" class=\"wp-caption aligncenter\"><a href=\"\/wp-content\/uploads\/2017\/02\/07_BREITZ_Him.jpg\" target=\"_blank\"><img decoding=\"async\" class=\"wp-image-2663 size-full\" title=\"Candice Breitz Him, 1968-2008 7-Channel Installation: 7 Hard Drives Duration: 28 minutes, 50 seconds Commissioned by Outset Contemporary Art Fund, London Installation View: Tempor\u00e4re Kunsthalle Berlin Courtesy: Goodman Gallery, Kaufmann Repetto + KOW Berlin Photograph: Jens Ziehe\" src=\"\/wp-content\/uploads\/2017\/01\/07_BREITZ_Him-e1485935445934.jpg\" alt=\"07_BREITZ_Him\" width=\"100%\" height=\"811\" \/><\/a><figcaption id=\"caption-attachment-2663\" class=\"wp-caption-text\"><\/p>\n<h5 style=\"padding-right: 5%;\" align=\"right\">Candice Breitz<br \/> <em>Him<\/em>, 1968-2008<br \/> 7-Channel Installation: 7 Hard Drives<br \/> Duration: 28 minutes, 50 seconds<br \/> Commissioned by Outset Contemporary Art Fund, London<br \/> Installation View: Tempor\u00e4re Kunsthalle Berlin<br \/> Courtesy: Goodman Gallery, Kaufmann Repetto + KOW Berlin<br \/> Photograph: Jens Ziehe<\/h5>\n<p>&nbsp;<\/p>\n<p><\/figcaption><\/figure>\n<figure id=\"attachment_2664\" aria-describedby=\"caption-attachment-2664\" style=\"width: 2092px\" class=\"wp-caption aligncenter\"><a href=\"\/wp-content\/uploads\/2017\/02\/08_BREITZ_Legend.jpg\" target=\"_blank\"><img decoding=\"async\" class=\"wp-image-2664 size-full\" title=\"Candice Breitz Legend (A Portrait of Bob Marley), 2005 Shot at Gee Jam Studios, Port Antonio, Jamaica, March 2005 30-Channel Installation: 30 Hard Drives Duration: 62 minutes, 40 seconds Commissioned by Thyssen-Bornemisza Art Contemporary, Vienna Installation View: Akademie der K\u00fcnste, Berlin Courtesy: Goodman Gallery, Kaufmann Repetto + KOW Berlin Photograph: J\u00f6rg von Bruchhausen\" src=\"\/wp-content\/uploads\/2017\/01\/08_BREITZ_Legend-e1485935507949.jpg\" alt=\"08_BREITZ _Legend\" width=\"100%\" height=\"804\" \/><\/a><figcaption id=\"caption-attachment-2664\" class=\"wp-caption-text\"><\/p>\n<h5 style=\"padding-right: 5%;\" align=\"right\">Candice Breitz<br \/> <em>Legend (A Portrait of Bob Marley)<\/em>, 2005<br \/> Shot at Gee Jam Studios, Port Antonio, Jamaica, March 2005<br \/> 30-Channel Installation: 30 Hard Drives<br \/> Duration: 62 minutes, 40 seconds<br \/> Commissioned by Thyssen-Bornemisza Art Contemporary, Vienna<br \/> Installation View: Akademie der K\u00fcnste, Berlin<br \/> Courtesy: Goodman Gallery, Kaufmann Repetto + KOW Berlin<br \/> Photograph: J\u00f6rg von Bruchhausen<\/h5>\n<p>&nbsp;<\/p>\n<p><\/figcaption><\/figure>\n<figure id=\"attachment_2665\" aria-describedby=\"caption-attachment-2665\" style=\"width: 2092px\" class=\"wp-caption aligncenter\"><a href=\"\/wp-content\/uploads\/2017\/02\/09_BREITZ_Mother_-_Father.jpg\" target=\"_blank\"><img decoding=\"async\" class=\"wp-image-2665 size-full\" title=\"Candice Breitz Mother + Father, 2005 Consisting of 2 Six-Channel Installations Duration of Mother: 13 minutes,15 seconds Duration of Father: 11 minutes Installation Views: Castello di Rivoli, Turin Courtesy: Goodman Gallery, Kaufmann Repetto + KOW Berlin Photographs: Paolo Pellion\" src=\"\/wp-content\/uploads\/2017\/01\/09_BREITZ_Mother_-_Father-e1485935644705.jpg\" alt=\"09_BREITZ_Mother_+_Father\" width=\"100%\" height=\"770\" \/><\/a><figcaption id=\"caption-attachment-2665\" class=\"wp-caption-text\"><\/p>\n<h5 style=\"padding-right: 5%;\" align=\"right\">Candice Breitz<br \/> <em>Mother + Father<\/em>, 2005<br \/> Consisting of 2 Six-Channel Installations<br \/> Duration of Mother: 13 minutes,15 seconds<br \/> Duration of Father: 11 minutes<br \/> Installation Views: Castello di Rivoli, Turin<br \/> Courtesy: Goodman Gallery, Kaufmann Repetto + KOW Berlin<br \/> Photographs: Paolo Pellion<\/h5>\n<p>&nbsp;<\/p>\n<p><\/figcaption><\/figure>\n<figure id=\"attachment_2666\" aria-describedby=\"caption-attachment-2666\" style=\"width: 2092px\" class=\"wp-caption aligncenter\"><a href=\"\/wp-content\/uploads\/2017\/02\/10_BREITZ_Ghost-Series-09.jpg\" target=\"_blank\"><img decoding=\"async\" class=\"wp-image-2666 size-full\" title=\"Candice Breitz Ghost Series #9, 1994-6 Chromogenic Print 68,5cm x 101,5cm Courtesy: Goodman Gallery, Kaufmann Repetto + KOW Berlin\" src=\"\/wp-content\/uploads\/2017\/01\/10_BREITZ_Ghost-Series-09-e1485935700890.jpg\" alt=\"10_BREITZ_Ghost-Series-09\" width=\"100%\" height=\"737\" \/><\/a><figcaption id=\"caption-attachment-2666\" class=\"wp-caption-text\"><\/p>\n<h5 style=\"padding-right: 5%;\" align=\"right\">Candice Breitz<br \/> <em>Ghost Series #9<\/em>, 1994-6<br \/> Chromogenic Print<br \/> 68,5cm x 101,5cm<br \/> Courtesy: Goodman Gallery, Kaufmann Repetto + KOW Berlin<\/h5>\n<p>&nbsp;<\/p>\n<p><\/figcaption><\/figure>\n","protected":false},"excerpt":{"rendered":"<p>&nbsp; &nbsp; &nbsp; Candice Breitz (Johannesburg, 1972) is a Cape Town and Berlin-based artist whose moving image installations have been shown internationally. Throughout her career, she has explored the dynamics [&hellip;]<\/p>\n","protected":false},"author":1,"featured_media":0,"parent":0,"menu_order":0,"comment_status":"closed","ping_status":"closed","template":"page_fullwidth.php","meta":{"footnotes":""},"class_list":["post-2319","page","type-page","status-publish","hentry"],"_links":{"self":[{"href":"https:\/\/sapavilion.partsandlabour.co.za\/index.php\/wp-json\/wp\/v2\/pages\/2319","targetHints":{"allow":["GET"]}}],"collection":[{"href":"https:\/\/sapavilion.partsandlabour.co.za\/index.php\/wp-json\/wp\/v2\/pages"}],"about":[{"href":"https:\/\/sapavilion.partsandlabour.co.za\/index.php\/wp-json\/wp\/v2\/types\/page"}],"author":[{"embeddable":true,"href":"https:\/\/sapavilion.partsandlabour.co.za\/index.php\/wp-json\/wp\/v2\/users\/1"}],"replies":[{"embeddable":true,"href":"https:\/\/sapavilion.partsandlabour.co.za\/index.php\/wp-json\/wp\/v2\/comments?post=2319"}],"version-history":[{"count":264,"href":"https:\/\/sapavilion.partsandlabour.co.za\/index.php\/wp-json\/wp\/v2\/pages\/2319\/revisions"}],"predecessor-version":[{"id":3596,"href":"https:\/\/sapavilion.partsandlabour.co.za\/index.php\/wp-json\/wp\/v2\/pages\/2319\/revisions\/3596"}],"wp:attachment":[{"href":"https:\/\/sapavilion.partsandlabour.co.za\/index.php\/wp-json\/wp\/v2\/media?parent=2319"}],"curies":[{"name":"wp","href":"https:\/\/api.w.org\/{rel}","templated":true}]}}